{"id":100,"date":"2016-10-28T16:03:25","date_gmt":"2016-10-28T16:03:25","guid":{"rendered":"http:\/\/pablitoviajero.com\/tienda\/?page_id=100"},"modified":"2019-12-28T20:58:21","modified_gmt":"2019-12-28T20:58:21","slug":"como-comprar","status":"publish","type":"page","link":"https:\/\/pablitoviajero.com\/tienda\/como-comprar\/","title":{"rendered":"C\u00f3mo Comprar"},"content":{"rendered":"\t\t<div data-elementor-type=\"wp-page\" data-elementor-id=\"100\" class=\"elementor elementor-100\">\n\t\t\t\t\t\t<section class=\"elementor-section elementor-top-section elementor-element elementor-element-7be23bfc elementor-section-boxed elementor-section-height-default elementor-section-height-default\" data-id=\"7be23bfc\" data-element_type=\"section\">\n\t\t\t\t\t\t<div class=\"elementor-container elementor-column-gap-default\">\n\t\t\t\t\t<div class=\"elementor-column elementor-col-100 elementor-top-column elementor-element elementor-element-77b2e0ee\" data-id=\"77b2e0ee\" data-element_type=\"column\">\n\t\t\t<div class=\"elementor-widget-wrap elementor-element-populated\">\n\t\t\t\t\t\t<div class=\"elementor-element elementor-element-858d61b elementor-widget elementor-widget-text-editor\" data-id=\"858d61b\" data-element_type=\"widget\" data-widget_type=\"text-editor.default\">\n\t\t\t\t<div class=\"elementor-widget-container\">\n\t\t\t\t\t\t\t<p>1. Ingres\u00e1 a la Tienda y eleg\u00ed los productos que quieras comprar haciendo click en <strong>\u201cA\u00f1adir al carrito\u201d.<\/strong><\/p><p>2. Si el producto es por talle, no te olvides que tienes que seleccionarlo primero, antes de A\u00f1adirlo al carrito.<\/p><p><a href=\"https:\/\/pablitoviajero.com\/tienda\/wp-content\/uploads\/2019\/12\/envio1.png\"><img fetchpriority=\"high\" decoding=\"async\" class=\"alignnone wp-image-1580\" src=\"https:\/\/pablitoviajero.com\/tienda\/wp-content\/uploads\/2019\/12\/envio1-300x202.png\" alt=\"\" width=\"500\" height=\"336\" srcset=\"https:\/\/pablitoviajero.com\/tienda\/wp-content\/uploads\/2019\/12\/envio1-300x202.png 300w, https:\/\/pablitoviajero.com\/tienda\/wp-content\/uploads\/2019\/12\/envio1-768x516.png 768w, https:\/\/pablitoviajero.com\/tienda\/wp-content\/uploads\/2019\/12\/envio1-1024x688.png 1024w, https:\/\/pablitoviajero.com\/tienda\/wp-content\/uploads\/2019\/12\/envio1-600x403.png 600w, https:\/\/pablitoviajero.com\/tienda\/wp-content\/uploads\/2019\/12\/envio1.png 1101w\" sizes=\"(max-width: 500px) 100vw, 500px\" \/><\/a><\/p><p>3. Una vez que hayas agregado todos los productos deseados hac\u00e9 click en <strong>\u201c<\/strong><strong>C<\/strong><strong>arrito\u201d.<\/strong><\/p><p>4. Cheque\u00e1 que est\u00e9 todo y que las cantidades sean las correspondientes. <strong>Si quer\u00e9s saber cu\u00e1nto costar\u00e1 el env\u00edo, hac\u00e9 click en <\/strong><strong>\u201cCalcular env\u00edo\u201d<\/strong><strong>\u00a0para ingresar la provincia, c\u00f3digo postal y direcci\u00f3n.<\/strong><\/p><p><strong><a href=\"https:\/\/pablitoviajero.com\/tienda\/wp-content\/uploads\/2019\/12\/envio2.png\"><img decoding=\"async\" class=\"alignnone wp-image-1617\" src=\"https:\/\/pablitoviajero.com\/tienda\/wp-content\/uploads\/2019\/12\/envio2-300x149.png\" alt=\"\" width=\"500\" height=\"249\" srcset=\"https:\/\/pablitoviajero.com\/tienda\/wp-content\/uploads\/2019\/12\/envio2-300x149.png 300w, https:\/\/pablitoviajero.com\/tienda\/wp-content\/uploads\/2019\/12\/envio2-768x382.png 768w, https:\/\/pablitoviajero.com\/tienda\/wp-content\/uploads\/2019\/12\/envio2-1024x510.png 1024w, https:\/\/pablitoviajero.com\/tienda\/wp-content\/uploads\/2019\/12\/envio2-600x299.png 600w, https:\/\/pablitoviajero.com\/tienda\/wp-content\/uploads\/2019\/12\/envio2.png 1255w\" sizes=\"(max-width: 500px) 100vw, 500px\" \/><\/a><\/strong><\/p><p>5. Hac\u00e9 click en <strong>\u201c<\/strong><strong>Finalizar<\/strong><strong> compra\u201d<\/strong> para pasar a la siguiente pantalla.<\/p><p>6. Ingres\u00e1 tus <strong>datos de facturaci\u00f3n y la direcci\u00f3n<\/strong> a la que deber\u00e1 ser enviado el producto. Si ten\u00e9s alguna observaci\u00f3n, inclu\u00edla donde dice \u00a0\u201cNotas del pedido\u201d.<\/p><p><a href=\"https:\/\/pablitoviajero.com\/tienda\/wp-content\/uploads\/2019\/12\/envio3.png\"><img decoding=\"async\" class=\"alignnone wp-image-1619\" src=\"https:\/\/pablitoviajero.com\/tienda\/wp-content\/uploads\/2019\/12\/envio3-300x270.png\" alt=\"\" width=\"500\" height=\"450\" srcset=\"https:\/\/pablitoviajero.com\/tienda\/wp-content\/uploads\/2019\/12\/envio3-300x270.png 300w, https:\/\/pablitoviajero.com\/tienda\/wp-content\/uploads\/2019\/12\/envio3-768x692.png 768w, https:\/\/pablitoviajero.com\/tienda\/wp-content\/uploads\/2019\/12\/envio3-1024x922.png 1024w, https:\/\/pablitoviajero.com\/tienda\/wp-content\/uploads\/2019\/12\/envio3-600x540.png 600w, https:\/\/pablitoviajero.com\/tienda\/wp-content\/uploads\/2019\/12\/envio3.png 1036w\" sizes=\"(max-width: 500px) 100vw, 500px\" \/><\/a><\/p><p>7. Revis\u00e1 que los datos sean correctos y <strong>eleg\u00ed el bot\u00f3n \u00abRealizar el Pedido\u00bb<\/strong>\u00a0(plataforma de pago: Mercado Pago).<\/p><p>8. <b>El sistema te llevar\u00e1 a una pantalla externa de pago, en este caso MercadoPago.com.ar, para que puedas realizar el pago con el medio que quieras<\/b>.<\/p><p><a href=\"https:\/\/pablitoviajero.com\/tienda\/wp-content\/uploads\/2019\/12\/envio5.png\"><img loading=\"lazy\" decoding=\"async\" class=\"alignnone wp-image-1621\" src=\"https:\/\/pablitoviajero.com\/tienda\/wp-content\/uploads\/2019\/12\/envio5-300x156.png\" alt=\"\" width=\"499\" height=\"260\" srcset=\"https:\/\/pablitoviajero.com\/tienda\/wp-content\/uploads\/2019\/12\/envio5-300x156.png 300w, https:\/\/pablitoviajero.com\/tienda\/wp-content\/uploads\/2019\/12\/envio5-768x400.png 768w, https:\/\/pablitoviajero.com\/tienda\/wp-content\/uploads\/2019\/12\/envio5-1024x533.png 1024w, https:\/\/pablitoviajero.com\/tienda\/wp-content\/uploads\/2019\/12\/envio5-600x313.png 600w, https:\/\/pablitoviajero.com\/tienda\/wp-content\/uploads\/2019\/12\/envio5.png 1031w\" sizes=\"(max-width: 499px) 100vw, 499px\" \/><\/a><\/p><p>9. <strong>Una vez que recibamos la confirmaci\u00f3n de tu pago<\/strong>\u00a0<strong>te enviaremos un email (a la direcci\u00f3n que ingresaste anteriormente) con la informaci\u00f3n de env\u00edo.\u00a0<\/strong><\/p><p>10. \u00a1Luego <strong>enviaremos tu pedido por correo!<\/strong><strong>.<\/strong><\/p>\t\t\t\t\t\t<\/div>\n\t\t\t\t<\/div>\n\t\t\t\t\t<\/div>\n\t\t<\/div>\n\t\t\t\t\t<\/div>\n\t\t<\/section>\n\t\t\t\t<\/div>\n\t\t","protected":false},"excerpt":{"rendered":"<p>1. Ingres\u00e1 a la Tienda y eleg\u00ed los productos que quieras comprar haciendo click en \u201cA\u00f1adir al carrito\u201d. 2. Si el producto es por talle, no te olvides que tienes que seleccionarlo primero, antes de A\u00f1adirlo al carrito. 3. Una vez que hayas agregado todos los productos deseados hac\u00e9 click en \u201cCarrito\u201d. 4. Cheque\u00e1 que [&hellip;]<\/p>\n","protected":false},"author":1,"featured_media":0,"parent":0,"menu_order":0,"comment_status":"closed","ping_status":"closed","template":"","meta":{"footnotes":""},"class_list":["post-100","page","type-page","status-publish","hentry"],"_links":{"self":[{"href":"https:\/\/pablitoviajero.com\/tienda\/wp-json\/wp\/v2\/pages\/100"}],"collection":[{"href":"https:\/\/pablitoviajero.com\/tienda\/wp-json\/wp\/v2\/pages"}],"about":[{"href":"https:\/\/pablitoviajero.com\/tienda\/wp-json\/wp\/v2\/types\/page"}],"author":[{"embeddable":true,"href":"https:\/\/pablitoviajero.com\/tienda\/wp-json\/wp\/v2\/users\/1"}],"replies":[{"embeddable":true,"href":"https:\/\/pablitoviajero.com\/tienda\/wp-json\/wp\/v2\/comments?post=100"}],"version-history":[{"count":39,"href":"https:\/\/pablitoviajero.com\/tienda\/wp-json\/wp\/v2\/pages\/100\/revisions"}],"predecessor-version":[{"id":1628,"href":"https:\/\/pablitoviajero.com\/tienda\/wp-json\/wp\/v2\/pages\/100\/revisions\/1628"}],"wp:attachment":[{"href":"https:\/\/pablitoviajero.com\/tienda\/wp-json\/wp\/v2\/media?parent=100"}],"curies":[{"name":"wp","href":"https:\/\/api.w.org\/{rel}","templated":true}]}}